{"id":2,"date":"2016-05-10T03:48:21","date_gmt":"2016-05-10T03:48:21","guid":{"rendered":"http:\/\/fischereigemeinschaft-roesrath.de\/?page_id=2"},"modified":"2019-03-04T12:14:34","modified_gmt":"2019-03-04T12:14:34","slug":"startseite","status":"publish","type":"page","link":"https:\/\/fischergemeinschaft-roesrath.de\/","title":{"rendered":"Startseite"},"content":{"rendered":"\n<p><strong>Herzlich Willkommen <\/strong><strong>auf der Website der Fischergemeinschaft R\u00f6srath 1961 e.V. <\/strong><\/p>\n\n\n\n<p><strong>Wir freuen uns sehr \u00fcber Ihren Besuch und w\u00fcnschen Ihnen viel Spa\u00df und eine sch\u00f6ne Zeit auf unseren Seiten. <\/strong><\/p>\n\n\n\n<p><strong>Auf diesen Seiten werden wir uns bem\u00fchen, Interessantes rund um das Fliegenfischen in &#8222;unserer&#8220; S\u00fclz zu pr\u00e4sentieren und Ihnen den Verein&nbsp; vorzustellen. <\/strong><\/p>\n\n\n\n<p><strong>Die Disziplin des Fliegenfischens gilt zwar gemeinhin als K\u00f6nigsdisziplin beim Angeln, sollte jedoch nicht als so elit\u00e4r und kostspielig betrachtet werden, wie mancher Angler vorschnell vermutet! Vielmehr ist es eine fischgerechte und anspruchsvolle Angelmethode, die h\u00f6chste Anforderungen an die geistigen und k\u00f6rperlichen F\u00e4higkeiten des Anglers stellt. <\/strong><\/p>\n\n\n\n<p><strong>Fliegenfischen ist praktisch in jedem Gew\u00e4sser erfolgreich anzuwenden und jeder kann es erlernen. Als K\u00f6der werden bei uns daher ausschlie\u00dflich k\u00fcnstliche Fliegen ohne Widerhaken verwendet!<\/strong><\/p>\n\n\n\n<p><strong>Dar\u00fcber hinaus setzt unser Verein&nbsp;ein hohes Mass an Verst\u00e4ndnis f\u00fcr die Natur voraus. Auch die Einsicht und Disziplin einer nachhaltigen Bewirtschaftung nat\u00fcrlicher Resourcen ist eine wichtige Grundeinstellung unserer Mitglieder.&nbsp;<\/strong><\/p>\n\n\n\n<p><strong>Berichte \u00fcber die&nbsp;heimische Flora und Fauna,&nbsp;das Fliegenbinden, Angelreisen und Angelberichte&nbsp;werden nach und nach folgen!<\/strong><\/p>\n\n\n\n<p><strong>H\u00e4ufiger reinschauen lohnt sich also!<\/strong><\/p>\n\n\n\n<p><strong>In diesem Sinne: Tight Lines!<\/strong><\/p>\n","protected":false},"excerpt":{"rendered":"<p>Herzlich Willkommen auf der Website der Fischergemeinschaft R\u00f6srath 1961 e.V. Wir freuen uns sehr \u00fcber Ihren Besuch und w\u00fcnschen Ihnen viel Spa\u00df und eine sch\u00f6ne Zeit auf unseren Seiten. Auf [&hellip;]<\/p>\n","protected":false},"author":1,"featured_media":0,"parent":0,"menu_order":0,"comment_status":"closed","ping_status":"closed","template":"","meta":[],"_links":{"self":[{"href":"https:\/\/fischergemeinschaft-roesrath.de\/index.php?rest_route=\/wp\/v2\/pages\/2"}],"collection":[{"href":"https:\/\/fischergemeinschaft-roesrath.de\/index.php?rest_route=\/wp\/v2\/pages"}],"about":[{"href":"https:\/\/fischergemeinschaft-roesrath.de\/index.php?rest_route=\/wp\/v2\/types\/page"}],"author":[{"embeddable":true,"href":"https:\/\/fischergemeinschaft-roesrath.de\/index.php?rest_route=\/wp\/v2\/users\/1"}],"replies":[{"embeddable":true,"href":"https:\/\/fischergemeinschaft-roesrath.de\/index.php?rest_route=%2Fwp%2Fv2%2Fcomments&post=2"}],"version-history":[{"count":7,"href":"https:\/\/fischergemeinschaft-roesrath.de\/index.php?rest_route=\/wp\/v2\/pages\/2\/revisions"}],"predecessor-version":[{"id":171,"href":"https:\/\/fischergemeinschaft-roesrath.de\/index.php?rest_route=\/wp\/v2\/pages\/2\/revisions\/171"}],"wp:attachment":[{"href":"https:\/\/fischergemeinschaft-roesrath.de\/index.php?rest_route=%2Fwp%2Fv2%2Fmedia&parent=2"}],"curies":[{"name":"wp","href":"https:\/\/api.w.org\/{rel}","templated":true}]}}