{"id":46,"date":"2019-03-02T18:47:53","date_gmt":"2019-03-02T18:47:53","guid":{"rendered":"http:\/\/fischereigemeinschaft-roesrath.de\/?page_id=46"},"modified":"2019-03-04T09:08:10","modified_gmt":"2019-03-04T09:08:10","slug":"impressum","status":"publish","type":"page","link":"https:\/\/fischergemeinschaft-roesrath.de\/?page_id=46","title":{"rendered":"Impressum"},"content":{"rendered":"\n<table class=\"wp-block-table\"><tbody><tr><td><strong>Kontakt: <\/strong><br> Paul Klein, Gesch\u00e4ftsf\u00fchrer&nbsp;<br> Bachstrasse 62&nbsp;<br> 53639 K\u00f6nigswinter<br><br><strong>Impressum <\/strong> F\u00fcr den Inhalt dieser Seite&nbsp;ist der Verein  verantwortlich:<br><br>Fischergemeinschaft-R\u00f6srath 1961 e. V.<br>Vereinssitz:  R\u00f6srath Jegliche Korrespondenz ist an den Gesch\u00e4ftsf\u00fchrer&nbsp;zu  richten!<br><br>Programmierung und \u00a9 Copyright by Fischergemeinschaft-R\u00f6srath  1961 e.V.<br><br><strong>Urheberrecht<\/strong> <br><br>Diese Website wurde mit  gr\u00f6\u00dftm\u00f6glicher Sorgfalt zusammengestellt. Trotzdem k\u00f6nnen wir die Fehlerfreiheit  und Genauigkeit der enthaltenen Informationen nicht garantieren. Sollten wir in  Urheberrechte Dritter eingegriffen oder Sie Fragen haben, bitten wir um  sofortige postalisch Benachrichtigung an den oben genannten  Gesch\u00e4ftsf\u00fchrer.<br>Der Inhalt dieser Web-Site ist urheberrechtlich gesch\u00fctzt.  Die Bereitstellung im Internet gibt Ihnen nicht das Recht, das bereitgestellte  Material zu privaten oder kommerziellen Zwecken zu speichern und zu  vervielf\u00e4ltigen. Eine Weiterver\u00f6ffentlichung oder kostenlosen Verteilung darf  nur in Absprache mit dem&nbsp;Vorstand erfolgen.<br><br> <strong>Haftung<\/strong> <br><br>Die gemeinn\u00fctzige  Fischergemeinschaft-R\u00f6srath 1961 e.V.bem\u00fcht sich, auf dieser Web-Site nur  vollst\u00e4ndige und richtige Informationen zu ver\u00f6ffentlichen, kann aber keine  Haftung oder Garantie f\u00fcr Aktualit\u00e4t, Richtigkeit und Vollst\u00e4ndigkeit der  Informationen \u00fcbernehmen. Der Herausgeber der Site, die  Fischergemeinschaft-R\u00f6srath 1961 e.V., haftet nicht f\u00fcr direkte oder indirekte  Sch\u00e4den, einschlie\u00dflich entgangenen Gewinns, die mit der Nutzung des  Informations- und Funktionsangebots dieser Site in Verbindung gebracht werden  k\u00f6nnen. Dies gilt insbesondere auch f\u00fcr die ausgewiesenen Links (Verbindungen)  zu anderen Sites, auf die die Fischergemeinschaft-R\u00f6srath 1961 e.V. und der  Webmaster keinen Einfluss hat und f\u00fcr deren Inhalt keine Verantwortung  \u00fcbernommen werden kann. <\/td><\/tr><\/tbody><\/table>\n","protected":false},"excerpt":{"rendered":"<p>Kontakt: Paul Klein, Gesch\u00e4ftsf\u00fchrer&nbsp; Bachstrasse 62&nbsp; 53639 K\u00f6nigswinter Impressum F\u00fcr den Inhalt dieser Seite&nbsp;ist der Verein verantwortlich: Fischergemeinschaft-R\u00f6srath 1961 e. V.Vereinssitz: R\u00f6srath Jegliche Korrespondenz ist an den Gesch\u00e4ftsf\u00fchrer&nbsp;zu richten! Programmierung [&hellip;]<\/p>\n","protected":false},"author":1,"featured_media":0,"parent":0,"menu_order":0,"comment_status":"closed","ping_status":"closed","template":"","meta":[],"_links":{"self":[{"href":"https:\/\/fischergemeinschaft-roesrath.de\/index.php?rest_route=\/wp\/v2\/pages\/46"}],"collection":[{"href":"https:\/\/fischergemeinschaft-roesrath.de\/index.php?rest_route=\/wp\/v2\/pages"}],"about":[{"href":"https:\/\/fischergemeinschaft-roesrath.de\/index.php?rest_route=\/wp\/v2\/types\/page"}],"author":[{"embeddable":true,"href":"https:\/\/fischergemeinschaft-roesrath.de\/index.php?rest_route=\/wp\/v2\/users\/1"}],"replies":[{"embeddable":true,"href":"https:\/\/fischergemeinschaft-roesrath.de\/index.php?rest_route=%2Fwp%2Fv2%2Fcomments&post=46"}],"version-history":[{"count":4,"href":"https:\/\/fischergemeinschaft-roesrath.de\/index.php?rest_route=\/wp\/v2\/pages\/46\/revisions"}],"predecessor-version":[{"id":116,"href":"https:\/\/fischergemeinschaft-roesrath.de\/index.php?rest_route=\/wp\/v2\/pages\/46\/revisions\/116"}],"wp:attachment":[{"href":"https:\/\/fischergemeinschaft-roesrath.de\/index.php?rest_route=%2Fwp%2Fv2%2Fmedia&parent=46"}],"curies":[{"name":"wp","href":"https:\/\/api.w.org\/{rel}","templated":true}]}}