{"id":55,"date":"2019-03-02T18:53:34","date_gmt":"2019-03-02T18:53:34","guid":{"rendered":"http:\/\/fischereigemeinschaft-roesrath.de\/?page_id=55"},"modified":"2019-03-05T12:53:50","modified_gmt":"2019-03-05T12:53:50","slug":"gewaesser","status":"publish","type":"page","link":"https:\/\/fischergemeinschaft-roesrath.de\/?page_id=55","title":{"rendered":"Gew\u00e4sser"},"content":{"rendered":"\n<table class=\"wp-block-table\"><tbody><tr><td><br><strong>Die S\u00fclz und ihre geographische Daten: <\/strong> <br>Die <strong><em>S\u00fclz<\/em><\/strong> geh\u00f6rt zum Flusssytem des  Rheins und liegt im Bundesland Nordrhein-Westfalen in der N\u00e4he der Stadt K\u00f6ln.  Da die eigentliche S\u00fclz durch den Zusammenfluss der K\u00fcrtener und Lindlarer S\u00fclz  entsteht, wird dieser Zusammenfluss&nbsp;bei Hommerich auch oft als Quelle der S\u00fclz  bezeichnet. Von dort bis zur M\u00fcndung&nbsp;bei Lohmar in die Agger, ist die S\u00fclz ca.  25km lang. W\u00fcrde man die beiden Quellfl\u00fcsse mit einrechenen,&nbsp;kommt man fast auf  die doppelte L\u00e4nge. Die Agger m\u00fcndet zwischen Siegburg und Troisdorf in die  Sieg, welche selber bei Mondorf in den Rhein m\u00fcndet. Gerade durch die  uneingeschr\u00e4nkte Passierbarkeit bis zum Stadtwehr in R\u00f6srath, gilt die S\u00fclz  potenziell als&nbsp;Laichplatz&nbsp;f\u00fcr anadrome Grosssalmoniden und Meerneunaugen.  &nbsp; <br><br><strong>&#8222;Unsere&#8220;&nbsp;R\u00f6srather-S\u00fclz: <\/strong> <br>Die obere Grenze der Pachtstrecke &#8222;unserer&#8220; <strong><em>S\u00fclz<\/em><\/strong>  beginnt am Stadtwehr in R\u00f6srath oberhalb des station\u00e4ren Camping-Platzes und  endet am Einm\u00fcndungspool des Gammersbachs etwas unterhalb des Steingut-H\u00e4ndlers  an der S\u00fclztal-Stra\u00dfe. Die gesamte Strecke ist knapp 5000m lang!&nbsp; <br><br>Der Nebenbach <strong><em>Kupfersiefer Bach<\/em><\/strong> (in Flie\u00dfrichtung  links) bei Menzlingen, welcher seit kurzem \u00fcber eine neue Fischtreppe  verf\u00fcgt&nbsp;und nun&nbsp;barrierefrei zug\u00e4ngig ist,&nbsp;geh\u00f6rt ebenfalls zu den  Vereinsgew\u00e4ssern und gilt als biologisch wertvolles Laichhabitat. <br><br>Auch wenn wir schon \u00fcber ein gutes Portfolio an unterschiedlichsten Gew\u00e4ssern  und einem tollen Artenreichtum verf\u00fcgen, sind wir immer an Pachtangeboten  weiterer Gew\u00e4sser interessiert. Angebote gerne an den Kontakt!<\/td><\/tr><\/tbody><\/table>\n\n\n\n<div class=\"wp-block-button\"><a class=\"wp-block-button__link\" href=\"http:\/\/luadb.lds.nrw.de\/LUA\/hygon\/pegel.php?stationsname=Hoffnungsthal&amp;ersterAufruf=aktuelle%2BWerte\">Pegelstand<\/a><\/div>\n\n\n\n<div class=\"wp-block-button\"><a class=\"wp-block-button__link\" href=\"http:\/\/luadb.lds.nrw.de\/LUA\/hygon\/pegel.php?stationsname_t=Hoffnungsthal&amp;ersterAufruf=aktuelle%2BWerte\">Wassertemperatur<br><\/a><\/div>\n","protected":false},"excerpt":{"rendered":"<p>Die S\u00fclz und ihre geographische Daten: Die S\u00fclz geh\u00f6rt zum Flusssytem des Rheins und liegt im Bundesland Nordrhein-Westfalen in der N\u00e4he der Stadt K\u00f6ln. Da die eigentliche S\u00fclz durch den [&hellip;]<\/p>\n","protected":false},"author":1,"featured_media":0,"parent":0,"menu_order":0,"comment_status":"closed","ping_status":"closed","template":"","meta":[],"_links":{"self":[{"href":"https:\/\/fischergemeinschaft-roesrath.de\/index.php?rest_route=\/wp\/v2\/pages\/55"}],"collection":[{"href":"https:\/\/fischergemeinschaft-roesrath.de\/index.php?rest_route=\/wp\/v2\/pages"}],"about":[{"href":"https:\/\/fischergemeinschaft-roesrath.de\/index.php?rest_route=\/wp\/v2\/types\/page"}],"author":[{"embeddable":true,"href":"https:\/\/fischergemeinschaft-roesrath.de\/index.php?rest_route=\/wp\/v2\/users\/1"}],"replies":[{"embeddable":true,"href":"https:\/\/fischergemeinschaft-roesrath.de\/index.php?rest_route=%2Fwp%2Fv2%2Fcomments&post=55"}],"version-history":[{"count":5,"href":"https:\/\/fischergemeinschaft-roesrath.de\/index.php?rest_route=\/wp\/v2\/pages\/55\/revisions"}],"predecessor-version":[{"id":253,"href":"https:\/\/fischergemeinschaft-roesrath.de\/index.php?rest_route=\/wp\/v2\/pages\/55\/revisions\/253"}],"wp:attachment":[{"href":"https:\/\/fischergemeinschaft-roesrath.de\/index.php?rest_route=%2Fwp%2Fv2%2Fmedia&parent=55"}],"curies":[{"name":"wp","href":"https:\/\/api.w.org\/{rel}","templated":true}]}}